{"id":2158,"date":"2026-01-28T03:59:32","date_gmt":"2026-01-27T19:59:32","guid":{"rendered":"https:\/\/languapass.com\/?page_id=2158"},"modified":"2026-01-28T04:00:33","modified_gmt":"2026-01-27T20:00:33","slug":"delf-b2-%e4%bd%9c%e6%96%87-02","status":"publish","type":"page","link":"https:\/\/languapass.com\/?page_id=2158","title":{"rendered":"DELF B2 \u4f5c\u6587  02"},"content":{"rendered":"\t\t<div data-elementor-type=\"wp-page\" data-elementor-id=\"2158\" class=\"elementor elementor-2158\" data-elementor-post-type=\"page\">\n\t\t\t\t<div class=\"elementor-element elementor-element-a4dccec e-flex e-con-boxed e-con e-parent\" data-id=\"a4dccec\" data-element_type=\"container\" data-e-type=\"container\">\n\t\t\t\t\t<div class=\"e-con-inner\">\n\t\t\t\t<div class=\"elementor-element elementor-element-88b38b2 elementor-widget elementor-widget-heading\" data-id=\"88b38b2\" data-element_type=\"widget\" data-e-type=\"widget\" data-widget_type=\"heading.default\">\n\t\t\t\t\t<h2 class=\"elementor-heading-title elementor-size-default\">Cinema Closure<\/h2>\t\t\t\t<\/div>\n\t\t\t\t\t<\/div>\n\t\t\t\t<\/div>\n\t\t<div class=\"elementor-element elementor-element-df2ad7f e-flex e-con-boxed e-con e-parent\" data-id=\"df2ad7f\" data-element_type=\"container\" data-e-type=\"container\">\n\t\t\t\t\t<div class=\"e-con-inner\">\n\t\t\t\t<div class=\"elementor-element elementor-element-baeaba0 elementor-widget elementor-widget-heading\" data-id=\"baeaba0\" data-element_type=\"widget\" data-e-type=\"widget\" data-widget_type=\"heading.default\">\n\t\t\t\t\t<h2 class=\"elementor-heading-title elementor-size-default\">Question<\/h2>\t\t\t\t<\/div>\n\t\t\t\t\t<\/div>\n\t\t\t\t<\/div>\n\t\t<div class=\"elementor-element elementor-element-850f90c e-flex e-con-boxed e-con e-parent\" data-id=\"850f90c\" data-element_type=\"container\" data-e-type=\"container\">\n\t\t\t\t\t<div class=\"e-con-inner\">\n\t\t<div class=\"elementor-element elementor-element-298b78a e-con-full e-flex e-con e-child\" data-id=\"298b78a\" data-element_type=\"container\" data-e-type=\"container\">\n\t\t\t\t<div class=\"elementor-element elementor-element-76b3c36 elementor-widget__width-initial elementor-widget elementor-widget-text-editor\" data-id=\"76b3c36\" data-element_type=\"widget\" data-e-type=\"widget\" data-widget_type=\"text-editor.default\">\n\t\t\t\t\t\t\t\t\t<p style=\"text-align: center;\">French<!-- notionvc: 55175bcf-95be-4a38-9bff-94a7275dc7a6 --><\/p>\t\t\t\t\t\t\t\t<\/div>\n\t\t\t\t<\/div>\n\t\t<div class=\"elementor-element elementor-element-1a294a4 e-con-full e-flex e-con e-child\" data-id=\"1a294a4\" data-element_type=\"container\" data-e-type=\"container\">\n\t\t\t\t<div class=\"elementor-element elementor-element-1d9009d elementor-widget__width-initial elementor-widget elementor-widget-text-editor\" data-id=\"1d9009d\" data-element_type=\"widget\" data-e-type=\"widget\" data-widget_type=\"text-editor.default\">\n\t\t\t\t\t\t\t\t\t<p style=\"text-align: center;\">English<!-- notionvc: cab7cd99-4a6b-46f7-807a-c7f4e970da3e --><\/p>\t\t\t\t\t\t\t\t<\/div>\n\t\t\t\t<\/div>\n\t\t\t\t\t<\/div>\n\t\t\t\t<\/div>\n\t\t<div class=\"elementor-element elementor-element-3bf3566 e-flex e-con-boxed e-con e-parent\" data-id=\"3bf3566\" data-element_type=\"container\" data-e-type=\"container\">\n\t\t\t\t\t<div class=\"e-con-inner\">\n\t\t<div class=\"elementor-element elementor-element-bbbbd07 e-con-full e-flex e-con e-child\" data-id=\"bbbbd07\" data-element_type=\"container\" data-e-type=\"container\">\n\t\t\t\t<div class=\"elementor-element elementor-element-b107d46 elementor-widget__width-initial elementor-widget elementor-widget-text-editor\" data-id=\"b107d46\" data-element_type=\"widget\" data-e-type=\"widget\" data-widget_type=\"text-editor.default\">\n\t\t\t\t\t\t\t\t\t<p>Vous habitez dans une petite ville fran\u00e7aise dans laquelle le cin\u00e9ma va fermer d\u00e9finitivement, \u00e0 cause d\u2019un manque de <span class=\"notion-enable-hover\" data-token-index=\"1\">fr\u00e9quentation<\/span> et de <span class=\"notion-enable-hover\" data-token-index=\"3\">moyens<\/span>. Vous \u00e9crivez au maire de la ville pour \u00e9viter cette fermeture et le convaincre, \u00e0 l\u2019aide d\u2019arguments et d\u2019exemples pr\u00e9cis, des avantages (culturels, \u00e9conomiques\u2026) que ce cin\u00e9ma repr\u00e9sente pour la ville. Vous insistez \u00e9galement sur l\u2019importance de ce loisir pour toutes les g\u00e9n\u00e9rations et proposez des solutions pour d\u00e9velopper la fr\u00e9quentation du cin\u00e9ma.\u00a0<span class=\"notion-enable-hover\" data-token-index=\"5\">(250 mots minimum)<\/span><!-- notionvc: c58060e1-037b-4eb1-a69b-19fa87e94370 --><br \/><!-- notionvc: 55175bcf-95be-4a38-9bff-94a7275dc7a6 --><\/p>\t\t\t\t\t\t\t\t<\/div>\n\t\t\t\t<\/div>\n\t\t<div class=\"elementor-element elementor-element-3d1b266 e-con-full e-flex e-con e-child\" data-id=\"3d1b266\" data-element_type=\"container\" data-e-type=\"container\">\n\t\t\t\t<div class=\"elementor-element elementor-element-cc82668 elementor-widget__width-initial elementor-widget elementor-widget-text-editor\" data-id=\"cc82668\" data-element_type=\"widget\" data-e-type=\"widget\" data-widget_type=\"text-editor.default\">\n\t\t\t\t\t\t\t\t\t<p>You live in a small French town where the cinema is going to close permanently due to a lack of <span class=\"notion-enable-hover\" data-token-index=\"1\">attendance<\/span> and <span class=\"notion-enable-hover\" data-token-index=\"3\">resources<\/span>. You<span class=\"notion-enable-hover\" data-token-index=\"5\"> write to the mayor <\/span>of the town to prevent this closure and convince them, using specific arguments and examples, of the benefits (cultural, economic&#8230;) that this cinema represents for the town. You also insist on the importance of this leisure activity for all generations and propose solutions to increase cinema attendance.\u00a0<span class=\"notion-enable-hover\" data-token-index=\"7\">(250 words minimum)<\/span><!-- notionvc: 0c78f6be-3b50-4aec-b920-f0ae58ca292b --><br \/><!-- notionvc: cab7cd99-4a6b-46f7-807a-c7f4e970da3e --><\/p>\t\t\t\t\t\t\t\t<\/div>\n\t\t\t\t<\/div>\n\t\t\t\t\t<\/div>\n\t\t\t\t<\/div>\n\t\t<div class=\"elementor-element elementor-element-3e53315 e-flex e-con-boxed e-con e-parent\" data-id=\"3e53315\" data-element_type=\"container\" data-e-type=\"container\">\n\t\t\t\t\t<div class=\"e-con-inner\">\n\t\t\t\t<div class=\"elementor-element elementor-element-3f3c803 elementor-widget elementor-widget-heading\" data-id=\"3f3c803\" data-element_type=\"widget\" data-e-type=\"widget\" data-widget_type=\"heading.default\">\n\t\t\t\t\t<h2 class=\"elementor-heading-title elementor-size-default\">R\u00e9ponse<\/h2>\t\t\t\t<\/div>\n\t\t\t\t\t<\/div>\n\t\t\t\t<\/div>\n\t\t<div class=\"elementor-element elementor-element-b307e39 e-flex e-con-boxed e-con e-parent\" data-id=\"b307e39\" data-element_type=\"container\" data-e-type=\"container\">\n\t\t\t\t\t<div class=\"e-con-inner\">\n\t\t<div class=\"elementor-element elementor-element-dbd2a3c e-con-full e-flex e-con e-child\" data-id=\"dbd2a3c\" data-element_type=\"container\" data-e-type=\"container\">\n\t\t\t\t<div class=\"elementor-element elementor-element-2212126 elementor-widget elementor-widget-text-editor\" data-id=\"2212126\" data-element_type=\"widget\" data-e-type=\"widget\" data-widget_type=\"text-editor.default\">\n\t\t\t\t\t\t\t\t\t<p><span class=\"notion-enable-hover\" data-token-index=\"0\">\u7531ChatGPT\u751f\u6210\uff0c\uff0822+ \/ 25\uff09<\/span><!-- notionvc: 9b26af33-27a7-4478-aecd-20194798da3b --><\/p>\t\t\t\t\t\t\t\t<\/div>\n\t\t\t\t<\/div>\n\t\t\t\t\t<\/div>\n\t\t\t\t<\/div>\n\t\t<div class=\"elementor-element elementor-element-446def7 e-flex e-con-boxed e-con e-parent\" data-id=\"446def7\" data-element_type=\"container\" data-e-type=\"container\">\n\t\t\t\t\t<div class=\"e-con-inner\">\n\t\t\t\t<div class=\"elementor-element elementor-element-98371e4 elementor-widget elementor-widget-heading\" data-id=\"98371e4\" data-element_type=\"widget\" data-e-type=\"widget\" data-widget_type=\"heading.default\">\n\t\t\t\t\t<h2 class=\"elementor-heading-title elementor-size-default\">Subject\uff1aFermeture du cin\u00e9ma municipal<\/h2>\t\t\t\t<\/div>\n\t\t\t\t\t<\/div>\n\t\t\t\t<\/div>\n\t\t<div class=\"elementor-element elementor-element-290aa70 e-flex e-con-boxed e-con e-parent\" data-id=\"290aa70\" data-element_type=\"container\" data-e-type=\"container\">\n\t\t\t\t\t<div class=\"e-con-inner\">\n\t\t<div class=\"elementor-element elementor-element-73aa304 e-con-full e-flex e-con e-child\" data-id=\"73aa304\" data-element_type=\"container\" data-e-type=\"container\">\n\t\t\t\t<div class=\"elementor-element elementor-element-ebd4d96 elementor-widget__width-initial elementor-widget elementor-widget-text-editor\" data-id=\"ebd4d96\" data-element_type=\"widget\" data-e-type=\"widget\" data-widget_type=\"text-editor.default\">\n\t\t\t\t\t\t\t\t\t<p>Monsieur le Maire,<!-- notionvc: 839e1d0c-8c76-4528-8dcd-a1da7c2a75c7 --><\/p><p>Habitant de notre petite ville depuis de nombreuses ann\u00e9es, j\u2019ai appris avec une grande inqui\u00e9tude la fermeture d\u00e9finitive prochaine de notre cin\u00e9ma, due \u00e0 un manque de fr\u00e9quentation et de moyens financiers. Conscient des difficult\u00e9s \u00e9conomiques auxquelles la municipalit\u00e9 doit faire face, je souhaiterais n\u00e9anmoins vous convaincre de l\u2019importance culturelle, sociale et \u00e9conomique que repr\u00e9sente ce cin\u00e9ma pour notre ville.<!-- notionvc: 82ecca38-9983-425d-a14c-6a000d480f0d --><\/p><p><!-- notionvc: 62cecbd8-93cf-405a-b0f7-bad38996d306 --><\/p>\t\t\t\t\t\t\t\t<\/div>\n\t\t\t\t<\/div>\n\t\t<div class=\"elementor-element elementor-element-c3ae5eb e-con-full e-flex e-con e-child\" data-id=\"c3ae5eb\" data-element_type=\"container\" data-e-type=\"container\">\n\t\t\t\t<div class=\"elementor-element elementor-element-4d0136c elementor-widget__width-initial elementor-widget elementor-widget-text-editor\" data-id=\"4d0136c\" data-element_type=\"widget\" data-e-type=\"widget\" data-widget_type=\"text-editor.default\">\n\t\t\t\t\t\t\t\t\t<p>Dear Mr Mayor,<\/p><p>As a long-time resident of our small town, I learned with great concern about the upcoming permanent closure of our cinema due to a lack of attendance and financial resources. While I am aware of the economic difficulties faced by the municipality, I would nevertheless like to convince you of the cultural, social, and economic importance that this cinema represents for our town.<!-- notionvc: b6323b08-7fbd-4ad7-a41c-d57c904eeffd --><br \/><!-- notionvc: b0fbfdd9-0afe-4fe4-833b-1dfbf750633a --><\/p>\t\t\t\t\t\t\t\t<\/div>\n\t\t\t\t<\/div>\n\t\t\t\t\t<\/div>\n\t\t\t\t<\/div>\n\t\t<div class=\"elementor-element elementor-element-51fe137 e-flex e-con-boxed e-con e-parent\" data-id=\"51fe137\" data-element_type=\"container\" data-e-type=\"container\">\n\t\t\t\t\t<div class=\"e-con-inner\">\n\t\t<div class=\"elementor-element elementor-element-0c3c2c8 e-con-full e-flex e-con e-child\" data-id=\"0c3c2c8\" data-element_type=\"container\" data-e-type=\"container\">\n\t\t\t\t<div class=\"elementor-element elementor-element-d4582d1 elementor-widget__width-initial elementor-widget elementor-widget-text-editor\" data-id=\"d4582d1\" data-element_type=\"widget\" data-e-type=\"widget\" data-widget_type=\"text-editor.default\">\n\t\t\t\t\t\t\t\t\t<p>Tout d\u2019abord, le cin\u00e9ma joue un r\u00f4le culturel essentiel. Il permet aux habitants d\u2019acc\u00e9der \u00e0 des \u0153uvres cin\u00e9matographiques vari\u00e9es, qu\u2019il s\u2019agisse de films grand public, d\u2019\u0153uvres d\u2019auteur ou de projections destin\u00e9es aux scolaires. Dans une petite ville comme la n\u00f4tre, ce lieu constitue souvent l\u2019unique acc\u00e8s \u00e0 la culture cin\u00e9matographique et favorise l\u2019ouverture d\u2019esprit ainsi que la curiosit\u00e9 culturelle.<!-- notionvc: e04dd52b-ff6c-48c0-a850-c0960d0b6bac --><\/p>\t\t\t\t\t\t\t\t<\/div>\n\t\t\t\t<\/div>\n\t\t<div class=\"elementor-element elementor-element-7f225b4 e-con-full e-flex e-con e-child\" data-id=\"7f225b4\" data-element_type=\"container\" data-e-type=\"container\">\n\t\t\t\t<div class=\"elementor-element elementor-element-61b8dd9 elementor-widget__width-initial elementor-widget elementor-widget-text-editor\" data-id=\"61b8dd9\" data-element_type=\"widget\" data-e-type=\"widget\" data-widget_type=\"text-editor.default\">\n\t\t\t\t\t\t\t\t\t<p>First of all, the cinema plays an essential cultural role. It allows residents to access a wide variety of films, including mainstream movies, independent films, and screenings for schools. In a small town like ours, it is often the only place offering access to cinematic culture and helps foster open-mindedness and cultural curiosity.<!-- notionvc: f588ffac-5ed3-4ead-ad88-c21d0183283b --><br \/><!-- notionvc: 12f3659b-cd2d-44e8-8f2d-baa1ebb72caf --><\/p>\t\t\t\t\t\t\t\t<\/div>\n\t\t\t\t<\/div>\n\t\t\t\t\t<\/div>\n\t\t\t\t<\/div>\n\t\t<div class=\"elementor-element elementor-element-1071b0e e-flex e-con-boxed e-con e-parent\" data-id=\"1071b0e\" data-element_type=\"container\" data-e-type=\"container\">\n\t\t\t\t\t<div class=\"e-con-inner\">\n\t\t<div class=\"elementor-element elementor-element-4f4296b e-con-full e-flex e-con e-child\" data-id=\"4f4296b\" data-element_type=\"container\" data-e-type=\"container\">\n\t\t\t\t<div class=\"elementor-element elementor-element-55bb9e1 elementor-widget__width-initial elementor-widget elementor-widget-text-editor\" data-id=\"55bb9e1\" data-element_type=\"widget\" data-e-type=\"widget\" data-widget_type=\"text-editor.default\">\n\t\t\t\t\t\t\t\t\t<p>Par ailleurs, le cin\u00e9ma repr\u00e9sente un v\u00e9ritable espace de loisirs interg\u00e9n\u00e9rationnel. Il r\u00e9unit aussi bien les jeunes que les familles et les personnes \u00e2g\u00e9es, cr\u00e9ant ainsi des moments de partage et de lien social. Sa disparition risquerait d\u2019appauvrir la vie sociale locale et d\u2019accentuer l\u2019isolement de certains habitants.<!-- notionvc: e6aa5dd9-cbd8-427d-8833-898321a36f68 --><br \/><!-- notionvc: fe309097-5e6f-4c48-a5c5-b7fe2127a329 --><\/p><p><!-- notionvc: 5627be48-33ca-4d78-8d18-f2e5b64d8f02 --><\/p>\t\t\t\t\t\t\t\t<\/div>\n\t\t\t\t<\/div>\n\t\t<div class=\"elementor-element elementor-element-a31f477 e-con-full e-flex e-con e-child\" data-id=\"a31f477\" data-element_type=\"container\" data-e-type=\"container\">\n\t\t\t\t<div class=\"elementor-element elementor-element-ba70989 elementor-widget__width-initial elementor-widget elementor-widget-text-editor\" data-id=\"ba70989\" data-element_type=\"widget\" data-e-type=\"widget\" data-widget_type=\"text-editor.default\">\n\t\t\t\t\t\t\t\t\t<p>Moreover, the cinema is a genuine intergenerational leisure space. It brings together young people, families, and elderly residents, creating moments of social interaction and shared experiences. Its disappearance would risk weakening local social life and increasing the isolation of certain inhabitants.<!-- notionvc: 18cc2e94-6505-4fc3-867b-8abca5973852 --><br \/><!-- notionvc: 403bc311-6fab-410f-8cee-8e67cf459b49 --><\/p>\t\t\t\t\t\t\t\t<\/div>\n\t\t\t\t<\/div>\n\t\t\t\t\t<\/div>\n\t\t\t\t<\/div>\n\t\t<div class=\"elementor-element elementor-element-4ff9dfa e-flex e-con-boxed e-con e-parent\" data-id=\"4ff9dfa\" data-element_type=\"container\" data-e-type=\"container\">\n\t\t\t\t\t<div class=\"e-con-inner\">\n\t\t<div class=\"elementor-element elementor-element-d1b0d01 e-con-full e-flex e-con e-child\" data-id=\"d1b0d01\" data-element_type=\"container\" data-e-type=\"container\">\n\t\t\t\t<div class=\"elementor-element elementor-element-92640a1 elementor-widget__width-initial elementor-widget elementor-widget-text-editor\" data-id=\"92640a1\" data-element_type=\"widget\" data-e-type=\"widget\" data-widget_type=\"text-editor.default\">\n\t\t\t\t\t\t\t\t\t<p>Enfin, l\u2019impact \u00e9conomique du cin\u00e9ma ne doit pas \u00eatre sous-estim\u00e9. Sa pr\u00e9sence contribue \u00e0 l\u2019animation du centre-ville et profite aux commerces voisins tels que les caf\u00e9s et les restaurants. De plus, des solutions pourraient \u00eatre envisag\u00e9es pour d\u00e9velopper la fr\u00e9quentation, comme des tarifs r\u00e9duits, des partenariats avec les \u00e9coles, des festivals th\u00e9matiques ou des projections suivies de d\u00e9bats.<!-- notionvc: 4efa484b-424c-4ce4-8c46-8e0177b61997 --><br \/><!-- notionvc: 809aa88f-cbf5-472c-b536-d5aef9f9298d --><\/p>\t\t\t\t\t\t\t\t<\/div>\n\t\t\t\t<\/div>\n\t\t<div class=\"elementor-element elementor-element-405ae20 e-con-full e-flex e-con e-child\" data-id=\"405ae20\" data-element_type=\"container\" data-e-type=\"container\">\n\t\t\t\t<div class=\"elementor-element elementor-element-c3acca2 elementor-widget__width-initial elementor-widget elementor-widget-text-editor\" data-id=\"c3acca2\" data-element_type=\"widget\" data-e-type=\"widget\" data-widget_type=\"text-editor.default\">\n\t\t\t\t\t\t\t\t\t<p>Finally, the economic impact of the cinema should not be underestimated. Its presence contributes to the vitality of the town center and benefits nearby businesses such as caf\u00e9s and restaurants. Furthermore, several solutions could be considered to increase attendance, including reduced ticket prices, partnerships with schools, themed festivals, or screenings followed by discussions.<!-- notionvc: 44ce1ec2-0979-4b93-99a7-88241c15abe8 --><br \/><!-- notionvc: a7dabcce-d541-4a59-9de5-06eb7130acd3 --><\/p>\t\t\t\t\t\t\t\t<\/div>\n\t\t\t\t<\/div>\n\t\t\t\t\t<\/div>\n\t\t\t\t<\/div>\n\t\t<div class=\"elementor-element elementor-element-7ee1e50 e-flex e-con-boxed e-con e-parent\" data-id=\"7ee1e50\" data-element_type=\"container\" data-e-type=\"container\">\n\t\t\t\t\t<div class=\"e-con-inner\">\n\t\t<div class=\"elementor-element elementor-element-58ecaa5 e-con-full e-flex e-con e-child\" data-id=\"58ecaa5\" data-element_type=\"container\" data-e-type=\"container\">\n\t\t\t\t<div class=\"elementor-element elementor-element-65c0b28 elementor-widget__width-initial elementor-widget elementor-widget-text-editor\" data-id=\"65c0b28\" data-element_type=\"widget\" data-e-type=\"widget\" data-widget_type=\"text-editor.default\">\n\t\t\t\t\t\t\t\t\t<p>Pour toutes ces raisons, je vous invite \u00e0 reconsid\u00e9rer cette d\u00e9cision et \u00e0 explorer des alternatives afin de pr\u00e9server ce lieu indispensable \u00e0 la vitalit\u00e9 de notre ville.<!-- notionvc: cf620c66-0d02-4f4c-badd-2841784650f0 --><br \/><!-- notionvc: 02a6ba92-f5d1-41cc-8c78-43d7efa52645 --><\/p>\t\t\t\t\t\t\t\t<\/div>\n\t\t\t\t<\/div>\n\t\t<div class=\"elementor-element elementor-element-92ca915 e-con-full e-flex e-con e-child\" data-id=\"92ca915\" data-element_type=\"container\" data-e-type=\"container\">\n\t\t\t\t<div class=\"elementor-element elementor-element-036e2de elementor-widget__width-initial elementor-widget elementor-widget-text-editor\" data-id=\"036e2de\" data-element_type=\"widget\" data-e-type=\"widget\" data-widget_type=\"text-editor.default\">\n\t\t\t\t\t\t\t\t\t<p>For all these reasons, I kindly ask you to reconsider this decision and to explore alternative solutions in order to preserve this essential cultural venue.<!-- notionvc: 9ce55cf7-51ba-4680-b42b-e9f1889a069d --><br \/><!-- notionvc: f0b1a03c-197a-40b0-8c1e-c89dfaf40fdc --><\/p>\t\t\t\t\t\t\t\t<\/div>\n\t\t\t\t<\/div>\n\t\t\t\t\t<\/div>\n\t\t\t\t<\/div>\n\t\t<div class=\"elementor-element elementor-element-cdc2c53 e-flex e-con-boxed e-con e-parent\" data-id=\"cdc2c53\" data-element_type=\"container\" data-e-type=\"container\">\n\t\t\t\t\t<div class=\"e-con-inner\">\n\t\t<div class=\"elementor-element elementor-element-9eb60a5 e-con-full e-flex e-con e-child\" data-id=\"9eb60a5\" data-element_type=\"container\" data-e-type=\"container\">\n\t\t\t\t<div class=\"elementor-element elementor-element-93aebb8 elementor-widget__width-initial elementor-widget elementor-widget-text-editor\" data-id=\"93aebb8\" data-element_type=\"widget\" data-e-type=\"widget\" data-widget_type=\"text-editor.default\">\n\t\t\t\t\t\t\t\t\t<p>Je vous prie d\u2019agr\u00e9er, Monsieur le Maire, l\u2019expression de ma consid\u00e9ration distingu\u00e9e. <!-- --> <!-- notionvc: 8fe3bf09-4fd0-44c1-a88f-e6d145276cac --><\/p><p>Un citoyen concern\u00e9<\/p><p><!-- notionvc: 4ddcb7af-45e3-4372-8335-854d4880bd70 --><\/p>\t\t\t\t\t\t\t\t<\/div>\n\t\t\t\t<\/div>\n\t\t<div class=\"elementor-element elementor-element-01afd21 e-con-full e-flex e-con e-child\" data-id=\"01afd21\" data-element_type=\"container\" data-e-type=\"container\">\n\t\t\t\t<div class=\"elementor-element elementor-element-f62104c elementor-widget__width-initial elementor-widget elementor-widget-text-editor\" data-id=\"f62104c\" data-element_type=\"widget\" data-e-type=\"widget\" data-widget_type=\"text-editor.default\">\n\t\t\t\t\t\t\t\t\t<p>Yours sincerely,<\/p><p>A concerned citizen<!-- notionvc: f582f76b-76ae-4766-978b-aebfe981756d --><\/p><p><!-- notionvc: 6eaebb8f-8a85-4ebb-a075-9a2dfaca422f --><\/p>\t\t\t\t\t\t\t\t<\/div>\n\t\t\t\t<\/div>\n\t\t\t\t\t<\/div>\n\t\t\t\t<\/div>\n\t\t<div class=\"elementor-element elementor-element-4fe624b e-flex e-con-boxed e-con e-parent\" data-id=\"4fe624b\" data-element_type=\"container\" data-e-type=\"container\">\n\t\t\t\t\t<div class=\"e-con-inner\">\n\t\t<div class=\"elementor-element elementor-element-3084439 e-con-full e-flex e-con e-child\" data-id=\"3084439\" data-element_type=\"container\" data-e-type=\"container\">\n\t\t\t\t<div class=\"elementor-element elementor-element-39183c6 elementor-widget elementor-widget-image\" data-id=\"39183c6\" data-element_type=\"widget\" data-e-type=\"widget\" data-widget_type=\"image.default\">\n\t\t\t\t\t\t\t\t\t\t\t\t\t\t\t<img fetchpriority=\"high\" decoding=\"async\" width=\"256\" height=\"256\" src=\"https:\/\/languapass.com\/wp-content\/uploads\/2026\/01\/XiaohongshuLOGO.png\" class=\"attachment-large size-large wp-image-2077\" alt=\"\" srcset=\"https:\/\/languapass.com\/wp-content\/uploads\/2026\/01\/XiaohongshuLOGO.png 256w, https:\/\/languapass.com\/wp-content\/uploads\/2026\/01\/XiaohongshuLOGO-150x150.png 150w\" sizes=\"(max-width: 256px) 100vw, 256px\" \/>\t\t\t\t\t\t\t\t\t\t\t\t\t\t\t<\/div>\n\t\t\t\t<\/div>\n\t\t<div class=\"elementor-element elementor-element-0ef4ee2 e-con-full e-flex e-con e-child\" data-id=\"0ef4ee2\" data-element_type=\"container\" data-e-type=\"container\">\n\t\t<div class=\"elementor-element elementor-element-78c9b84 e-con-full e-flex e-con e-child\" data-id=\"78c9b84\" data-element_type=\"container\" data-e-type=\"container\">\n\t\t\t\t<div class=\"elementor-element elementor-element-fefddfa elementor-widget elementor-widget-text-editor\" data-id=\"fefddfa\" data-element_type=\"widget\" data-e-type=\"widget\" data-widget_type=\"text-editor.default\">\n\t\t\t\t\t\t\t\t\t<p>LanguaPass<\/p>\t\t\t\t\t\t\t\t<\/div>\n\t\t\t\t<\/div>\n\t\t<div class=\"elementor-element elementor-element-860ed91 e-con-full e-flex e-con e-child\" data-id=\"860ed91\" data-element_type=\"container\" data-e-type=\"container\">\n\t\t\t\t<div class=\"elementor-element elementor-element-add502c elementor-widget elementor-widget-text-editor\" data-id=\"add502c\" data-element_type=\"widget\" data-e-type=\"widget\" data-widget_type=\"text-editor.default\">\n\t\t\t\t\t\t\t\t\t<p>rednoteID: 6759669936<\/p>\t\t\t\t\t\t\t\t<\/div>\n\t\t\t\t<\/div>\n\t\t\t\t<\/div>\n\t\t\t\t\t<\/div>\n\t\t\t\t<\/div>\n\t\t\t\t<\/div>\n\t\t","protected":false},"excerpt":{"rendered":"<p>Cinema Closure Question French English Vous habitez dan [&hellip;]<\/p>\n","protected":false},"author":1,"featured_media":0,"parent":0,"menu_order":0,"comment_status":"closed","ping_status":"closed","template":"","meta":{"footnotes":""},"folder":[26],"class_list":["post-2158","page","type-page","status-publish","hentry"],"_links":{"self":[{"href":"https:\/\/languapass.com\/index.php?rest_route=\/wp\/v2\/pages\/2158","targetHints":{"allow":["GET"]}}],"collection":[{"href":"https:\/\/languapass.com\/index.php?rest_route=\/wp\/v2\/pages"}],"about":[{"href":"https:\/\/languapass.com\/index.php?rest_route=\/wp\/v2\/types\/page"}],"author":[{"embeddable":true,"href":"https:\/\/languapass.com\/index.php?rest_route=\/wp\/v2\/users\/1"}],"replies":[{"embeddable":true,"href":"https:\/\/languapass.com\/index.php?rest_route=%2Fwp%2Fv2%2Fcomments&post=2158"}],"version-history":[{"count":3,"href":"https:\/\/languapass.com\/index.php?rest_route=\/wp\/v2\/pages\/2158\/revisions"}],"predecessor-version":[{"id":2163,"href":"https:\/\/languapass.com\/index.php?rest_route=\/wp\/v2\/pages\/2158\/revisions\/2163"}],"wp:attachment":[{"href":"https:\/\/languapass.com\/index.php?rest_route=%2Fwp%2Fv2%2Fmedia&parent=2158"}],"wp:term":[{"taxonomy":"folder","embeddable":true,"href":"https:\/\/languapass.com\/index.php?rest_route=%2Fwp%2Fv2%2Ffolder&post=2158"}],"curies":[{"name":"wp","href":"https:\/\/api.w.org\/{rel}","templated":true}]}}