{"id":1895,"date":"2026-01-26T07:54:14","date_gmt":"2026-01-25T23:54:14","guid":{"rendered":"https:\/\/languapass.com\/?page_id=1895"},"modified":"2026-02-06T09:11:04","modified_gmt":"2026-02-06T01:11:04","slug":"delf-b2-%e5%8f%a3%e8%af%ad-l3-societe-2","status":"publish","type":"page","link":"https:\/\/languapass.com\/?page_id=1895","title":{"rendered":"DELF B2 \u53e3\u8bed L3 04 Sant\u00e9"},"content":{"rendered":"\t\t<div data-elementor-type=\"wp-page\" data-elementor-id=\"1895\" class=\"elementor elementor-1895\" data-elementor-post-type=\"page\">\n\t\t\t\t<div class=\"elementor-element elementor-element-8059dea e-flex e-con-boxed e-con e-parent\" data-id=\"8059dea\" data-element_type=\"container\" data-e-type=\"container\">\n\t\t\t\t\t<div class=\"e-con-inner\">\n\t\t\t\t<div class=\"elementor-element elementor-element-5dee53a elementor-widget elementor-widget-heading\" data-id=\"5dee53a\" data-element_type=\"widget\" data-e-type=\"widget\" data-widget_type=\"heading.default\">\n\t\t\t\t\t<h2 class=\"elementor-heading-title elementor-size-default\">DELF B2 Production Orale<\/h2>\t\t\t\t<\/div>\n\t\t\t\t<div class=\"elementor-element elementor-element-953ec3b elementor-widget elementor-widget-heading\" data-id=\"953ec3b\" data-element_type=\"widget\" data-e-type=\"widget\" data-widget_type=\"heading.default\">\n\t\t\t\t\t<h2 class=\"elementor-heading-title elementor-size-default\">Sant\u00e9 et bien-\u00eatre<\/h2>\t\t\t\t<\/div>\n\t\t\t\t\t<\/div>\n\t\t\t\t<\/div>\n\t\t<div class=\"elementor-element elementor-element-6668a3c e-con-full e-grid e-con e-parent\" data-id=\"6668a3c\" data-element_type=\"container\" data-e-type=\"container\">\n\t\t<div class=\"elementor-element elementor-element-9feeed0 e-con-full e-flex e-con e-child\" data-id=\"9feeed0\" data-element_type=\"container\" data-e-type=\"container\">\n\t\t\t\t<div class=\"elementor-element elementor-element-764cfb2 elementor-widget elementor-widget-heading\" data-id=\"764cfb2\" data-element_type=\"widget\" data-e-type=\"widget\" data-widget_type=\"heading.default\">\n\t\t\t\t\t<h2 class=\"elementor-heading-title elementor-size-default\"><a href=\"https:\/\/languapass.com\/?page_id=1895\" target=\"_blank\">Sant\u00e9<\/a><\/h2>\t\t\t\t<\/div>\n\t\t\t\t<div class=\"elementor-element elementor-element-89f905a elementor-widget elementor-widget-heading\" data-id=\"89f905a\" data-element_type=\"widget\" data-e-type=\"widget\" data-widget_type=\"heading.default\">\n\t\t\t\t\t<h2 class=\"elementor-heading-title elementor-size-default\"><a href=\"https:\/\/languapass.com\/?page_id=2497\" target=\"_blank\">Qu'allons-nous manger demain ?<\/a><\/h2>\t\t\t\t<\/div>\n\t\t\t\t<div class=\"elementor-element elementor-element-e2afb0c elementor-widget-divider--view-line elementor-widget elementor-widget-divider\" data-id=\"e2afb0c\" data-element_type=\"widget\" data-e-type=\"widget\" data-widget_type=\"divider.default\">\n\t\t\t\t\t\t\t<div class=\"elementor-divider\">\n\t\t\t<span class=\"elementor-divider-separator\">\n\t\t\t\t\t\t<\/span>\n\t\t<\/div>\n\t\t\t\t\t\t<\/div>\n\t\t\t\t<div class=\"elementor-element elementor-element-14503a4 elementor-widget elementor-widget-heading\" data-id=\"14503a4\" data-element_type=\"widget\" data-e-type=\"widget\" data-widget_type=\"heading.default\">\n\t\t\t\t\t<h2 class=\"elementor-heading-title elementor-size-default\">What are we going to eat tomorrow?\u00a0<\/h2>\t\t\t\t<\/div>\n\t\t\t\t<\/div>\n\t\t<div class=\"elementor-element elementor-element-ef6ae44 e-con-full e-flex e-con e-child\" data-id=\"ef6ae44\" data-element_type=\"container\" data-e-type=\"container\">\n\t\t\t\t<div class=\"elementor-element elementor-element-af30fd2 elementor-widget elementor-widget-heading\" data-id=\"af30fd2\" data-element_type=\"widget\" data-e-type=\"widget\" data-widget_type=\"heading.default\">\n\t\t\t\t\t<h2 class=\"elementor-heading-title elementor-size-default\"><a href=\"https:\/\/languapass.com\/?page_id=1895\" target=\"_blank\">Sant\u00e9<\/a><\/h2>\t\t\t\t<\/div>\n\t\t\t\t<div class=\"elementor-element elementor-element-20ff9ec elementor-widget elementor-widget-heading\" data-id=\"20ff9ec\" data-element_type=\"widget\" data-e-type=\"widget\" data-widget_type=\"heading.default\">\n\t\t\t\t\t<h2 class=\"elementor-heading-title elementor-size-default\"><a href=\"https:\/\/languapass.com\/?page_id=2498\" target=\"_blank\">Manger sain ? \u00c9quilibrez\u2026 votre budget !<\/a><\/h2>\t\t\t\t<\/div>\n\t\t\t\t<div class=\"elementor-element elementor-element-90b9423 elementor-widget-divider--view-line elementor-widget elementor-widget-divider\" data-id=\"90b9423\" data-element_type=\"widget\" data-e-type=\"widget\" data-widget_type=\"divider.default\">\n\t\t\t\t\t\t\t<div class=\"elementor-divider\">\n\t\t\t<span class=\"elementor-divider-separator\">\n\t\t\t\t\t\t<\/span>\n\t\t<\/div>\n\t\t\t\t\t\t<\/div>\n\t\t\t\t<div class=\"elementor-element elementor-element-3ec2531 elementor-widget elementor-widget-heading\" data-id=\"3ec2531\" data-element_type=\"widget\" data-e-type=\"widget\" data-widget_type=\"heading.default\">\n\t\t\t\t\t<h2 class=\"elementor-heading-title elementor-size-default\">Eating healthy? Balance\u2026 your budget!<\/h2>\t\t\t\t<\/div>\n\t\t\t\t<\/div>\n\t\t<div class=\"elementor-element elementor-element-0550c77 e-con-full e-flex e-con e-child\" data-id=\"0550c77\" data-element_type=\"container\" data-e-type=\"container\">\n\t\t\t\t<div class=\"elementor-element elementor-element-4fd5fd0 elementor-widget elementor-widget-heading\" data-id=\"4fd5fd0\" data-element_type=\"widget\" data-e-type=\"widget\" data-widget_type=\"heading.default\">\n\t\t\t\t\t<h2 class=\"elementor-heading-title elementor-size-default\"><a href=\"https:\/\/languapass.com\/?page_id=1895\" target=\"_blank\">Sant\u00e9<\/a><\/h2>\t\t\t\t<\/div>\n\t\t\t\t<div class=\"elementor-element elementor-element-f2be4d7 elementor-widget elementor-widget-heading\" data-id=\"f2be4d7\" data-element_type=\"widget\" data-e-type=\"widget\" data-widget_type=\"heading.default\">\n\t\t\t\t\t<h2 class=\"elementor-heading-title elementor-size-default\"><a href=\"https:\/\/languapass.com\/?page_id=2499\" target=\"_blank\">Payer des femmes enceintes\u2026 pour qu\u2019elles arr\u00eatent de fumer<\/a><\/h2>\t\t\t\t<\/div>\n\t\t\t\t<div class=\"elementor-element elementor-element-1e95a54 elementor-widget-divider--view-line elementor-widget elementor-widget-divider\" data-id=\"1e95a54\" data-element_type=\"widget\" data-e-type=\"widget\" data-widget_type=\"divider.default\">\n\t\t\t\t\t\t\t<div class=\"elementor-divider\">\n\t\t\t<span class=\"elementor-divider-separator\">\n\t\t\t\t\t\t<\/span>\n\t\t<\/div>\n\t\t\t\t\t\t<\/div>\n\t\t\t\t<div class=\"elementor-element elementor-element-e6947a1 elementor-widget elementor-widget-heading\" data-id=\"e6947a1\" data-element_type=\"widget\" data-e-type=\"widget\" data-widget_type=\"heading.default\">\n\t\t\t\t\t<h2 class=\"elementor-heading-title elementor-size-default\">Paying pregnant women\u2026 to make them stop smoking<\/h2>\t\t\t\t<\/div>\n\t\t\t\t<\/div>\n\t\t\t\t<\/div>\n\t\t<div class=\"elementor-element elementor-element-36f7b4d e-con-full e-flex e-con e-parent\" data-id=\"36f7b4d\" data-element_type=\"container\" data-e-type=\"container\" data-settings=\"{&quot;background_background&quot;:&quot;gradient&quot;}\">\n\t\t\t\t<div class=\"elementor-element elementor-element-75a96cf elementor-widget elementor-widget-heading\" data-id=\"75a96cf\" data-element_type=\"widget\" data-e-type=\"widget\" data-widget_type=\"heading.default\">\n\t\t\t\t\t<h2 class=\"elementor-heading-title elementor-size-default\">\u76f8\u5173\u6587\u7ae0<\/h2>\t\t\t\t<\/div>\n\t\t<div class=\"elementor-element elementor-element-9677da2 e-con-full e-flex e-con e-child\" data-id=\"9677da2\" data-element_type=\"container\" data-e-type=\"container\">\n\t\t<div class=\"elementor-element elementor-element-acc2eeb e-con-full e-flex e-con e-child\" data-id=\"acc2eeb\" data-element_type=\"container\" data-e-type=\"container\">\n\t\t\t\t<div class=\"elementor-element elementor-element-658442c elementor-widget elementor-widget-text-editor\" data-id=\"658442c\" data-element_type=\"widget\" data-e-type=\"widget\" data-widget_type=\"text-editor.default\">\n\t\t\t\t\t\t\t\t\t<h5><span style=\"color: #000000;\">\u5f85\u66f4<\/span><!-- notionvc: a8f467b9-fe9a-4899-8346-4d7e431cfb01 --><\/h5>\t\t\t\t\t\t\t\t<\/div>\n\t\t\t\t<div class=\"elementor-element elementor-element-8e871d4 elementor-widget elementor-widget-text-editor\" data-id=\"8e871d4\" data-element_type=\"widget\" data-e-type=\"widget\" data-widget_type=\"text-editor.default\">\n\t\t\t\t\t\t\t\t\t<p><span style=\"color: #000000;\">\u8fdb\u4e00\u6b65\u4e86\u89e3 &gt;<\/span><!-- notionvc: a8f467b9-fe9a-4899-8346-4d7e431cfb01 --><\/p>\t\t\t\t\t\t\t\t<\/div>\n\t\t\t\t<\/div>\n\t\t\t\t<\/div>\n\t\t\t\t<\/div>\n\t\t<div class=\"elementor-element elementor-element-bb1032c e-flex e-con-boxed e-con e-parent\" data-id=\"bb1032c\" data-element_type=\"container\" data-e-type=\"container\">\n\t\t\t\t\t<div class=\"e-con-inner\">\n\t\t\t\t\t<\/div>\n\t\t\t\t<\/div>\n\t\t\t\t<\/div>\n\t\t","protected":false},"excerpt":{"rendered":"<p>DELF B2 Production Orale Sant\u00e9 et bien-\u00eatre Sant\u00e9 Qu&#038;#8 [&hellip;]<\/p>\n","protected":false},"author":1,"featured_media":0,"parent":0,"menu_order":0,"comment_status":"closed","ping_status":"closed","template":"elementor_header_footer","meta":{"footnotes":""},"folder":[51],"class_list":["post-1895","page","type-page","status-publish","hentry"],"_links":{"self":[{"href":"https:\/\/languapass.com\/index.php?rest_route=\/wp\/v2\/pages\/1895","targetHints":{"allow":["GET"]}}],"collection":[{"href":"https:\/\/languapass.com\/index.php?rest_route=\/wp\/v2\/pages"}],"about":[{"href":"https:\/\/languapass.com\/index.php?rest_route=\/wp\/v2\/types\/page"}],"author":[{"embeddable":true,"href":"https:\/\/languapass.com\/index.php?rest_route=\/wp\/v2\/users\/1"}],"replies":[{"embeddable":true,"href":"https:\/\/languapass.com\/index.php?rest_route=%2Fwp%2Fv2%2Fcomments&post=1895"}],"version-history":[{"count":31,"href":"https:\/\/languapass.com\/index.php?rest_route=\/wp\/v2\/pages\/1895\/revisions"}],"predecessor-version":[{"id":2517,"href":"https:\/\/languapass.com\/index.php?rest_route=\/wp\/v2\/pages\/1895\/revisions\/2517"}],"wp:attachment":[{"href":"https:\/\/languapass.com\/index.php?rest_route=%2Fwp%2Fv2%2Fmedia&parent=1895"}],"wp:term":[{"taxonomy":"folder","embeddable":true,"href":"https:\/\/languapass.com\/index.php?rest_route=%2Fwp%2Fv2%2Ffolder&post=1895"}],"curies":[{"name":"wp","href":"https:\/\/api.w.org\/{rel}","templated":true}]}}