{"id":1858,"date":"2026-01-26T00:04:48","date_gmt":"2026-01-25T16:04:48","guid":{"rendered":"https:\/\/languapass.com\/?page_id=1858"},"modified":"2026-01-28T06:07:40","modified_gmt":"2026-01-27T22:07:40","slug":"delf-b2-%e5%8f%a3%e8%af%ad-l2","status":"publish","type":"page","link":"https:\/\/languapass.com\/?page_id=1858","title":{"rendered":"DELF B2 Speaking"},"content":{"rendered":"\t\t<div data-elementor-type=\"wp-page\" data-elementor-id=\"1858\" class=\"elementor elementor-1858\" data-elementor-post-type=\"page\">\n\t\t\t\t<div class=\"elementor-element elementor-element-8059dea e-flex e-con-boxed e-con e-parent\" data-id=\"8059dea\" data-element_type=\"container\" data-e-type=\"container\">\n\t\t\t\t\t<div class=\"e-con-inner\">\n\t\t\t\t<div class=\"elementor-element elementor-element-5dee53a elementor-widget elementor-widget-heading\" data-id=\"5dee53a\" data-element_type=\"widget\" data-e-type=\"widget\" data-widget_type=\"heading.default\">\n\t\t\t\t\t<h2 class=\"elementor-heading-title elementor-size-default\">DELF B2 <\/h2>\t\t\t\t<\/div>\n\t\t\t\t<div class=\"elementor-element elementor-element-953ec3b elementor-widget elementor-widget-heading\" data-id=\"953ec3b\" data-element_type=\"widget\" data-e-type=\"widget\" data-widget_type=\"heading.default\">\n\t\t\t\t\t<h2 class=\"elementor-heading-title elementor-size-default\">Production orale<\/h2>\t\t\t\t<\/div>\n\t\t\t\t\t<\/div>\n\t\t\t\t<\/div>\n\t\t<div class=\"elementor-element elementor-element-6668a3c e-con-full e-grid e-con e-parent\" data-id=\"6668a3c\" data-element_type=\"container\" data-e-type=\"container\">\n\t\t<div class=\"elementor-element elementor-element-161536a e-con-full e-flex e-con e-child\" data-id=\"161536a\" data-element_type=\"container\" data-e-type=\"container\">\n\t\t\t\t<div class=\"elementor-element elementor-element-8a77ee0 elementor-widget elementor-widget-heading\" data-id=\"8a77ee0\" data-element_type=\"widget\" data-e-type=\"widget\" data-widget_type=\"heading.default\">\n\t\t\t\t\t<h2 class=\"elementor-heading-title elementor-size-default\"><a href=\"https:\/\/languapass.com\/?page_id=1970\" target=\"_blank\">Culture, sport et loisirs<\/a><\/h2>\t\t\t\t<\/div>\n\t\t\t\t<div class=\"elementor-element elementor-element-a53461e elementor-widget elementor-widget-heading\" data-id=\"a53461e\" data-element_type=\"widget\" data-e-type=\"widget\" data-widget_type=\"heading.default\">\n\t\t\t\t\t<h2 class=\"elementor-heading-title elementor-size-default\">Culture, sports and leisure<\/h2>\t\t\t\t<\/div>\n\t\t\t\t<div class=\"elementor-element elementor-element-b3185da elementor-widget elementor-widget-heading\" data-id=\"b3185da\" data-element_type=\"widget\" data-e-type=\"widget\" data-widget_type=\"heading.default\">\n\t\t\t\t\t<h2 class=\"elementor-heading-title elementor-size-default\">\u6587\u5316\u3001\u4f53\u80b2\u4e0e\u4f11\u95f2<\/h2>\t\t\t\t<\/div>\n\t\t\t\t<\/div>\n\t\t<div class=\"elementor-element elementor-element-0f298fe e-con-full e-flex e-con e-child\" data-id=\"0f298fe\" data-element_type=\"container\" data-e-type=\"container\">\n\t\t\t\t<div class=\"elementor-element elementor-element-417cc63 elementor-widget elementor-widget-heading\" data-id=\"417cc63\" data-element_type=\"widget\" data-e-type=\"widget\" data-widget_type=\"heading.default\">\n\t\t\t\t\t<h2 class=\"elementor-heading-title elementor-size-default\"><a href=\"https:\/\/languapass.com\/?page_id=1943\" target=\"_blank\">\u00c9galit\u00e9, droits et questions sociales<\/a><\/h2>\t\t\t\t<\/div>\n\t\t\t\t<div class=\"elementor-element elementor-element-736ffc7 elementor-widget elementor-widget-heading\" data-id=\"736ffc7\" data-element_type=\"widget\" data-e-type=\"widget\" data-widget_type=\"heading.default\">\n\t\t\t\t\t<h2 class=\"elementor-heading-title elementor-size-default\">Equality, rights and social issues<\/h2>\t\t\t\t<\/div>\n\t\t\t\t<div class=\"elementor-element elementor-element-dda2abd elementor-widget elementor-widget-heading\" data-id=\"dda2abd\" data-element_type=\"widget\" data-e-type=\"widget\" data-widget_type=\"heading.default\">\n\t\t\t\t\t<h2 class=\"elementor-heading-title elementor-size-default\">\u5e73\u7b49\u3001\u6743\u5229\u4e0e\u793e\u4f1a\u95ee\u9898<\/h2>\t\t\t\t<\/div>\n\t\t\t\t<\/div>\n\t\t<div class=\"elementor-element elementor-element-63f89a3 e-con-full e-flex e-con e-child\" data-id=\"63f89a3\" data-element_type=\"container\" data-e-type=\"container\">\n\t\t\t\t<div class=\"elementor-element elementor-element-600d514 elementor-widget elementor-widget-heading\" data-id=\"600d514\" data-element_type=\"widget\" data-e-type=\"widget\" data-widget_type=\"heading.default\">\n\t\t\t\t\t<h2 class=\"elementor-heading-title elementor-size-default\"><a href=\"https:\/\/languapass.com\/?page_id=1874\" target=\"_blank\">Soci\u00e9t\u00e9 et modes de vie<\/a><\/h2>\t\t\t\t<\/div>\n\t\t\t\t<div class=\"elementor-element elementor-element-ab9f115 elementor-widget elementor-widget-heading\" data-id=\"ab9f115\" data-element_type=\"widget\" data-e-type=\"widget\" data-widget_type=\"heading.default\">\n\t\t\t\t\t<h2 class=\"elementor-heading-title elementor-size-default\">Society and lifestyles<\/h2>\t\t\t\t<\/div>\n\t\t\t\t<div class=\"elementor-element elementor-element-cc67280 elementor-widget elementor-widget-heading\" data-id=\"cc67280\" data-element_type=\"widget\" data-e-type=\"widget\" data-widget_type=\"heading.default\">\n\t\t\t\t\t<h2 class=\"elementor-heading-title elementor-size-default\">\u793e\u4f1a\u4e0e\u751f\u6d3b\u65b9\u5f0f<\/h2>\t\t\t\t<\/div>\n\t\t\t\t<\/div>\n\t\t<div class=\"elementor-element elementor-element-83fb511 e-con-full e-flex e-con e-child\" data-id=\"83fb511\" data-element_type=\"container\" data-e-type=\"container\">\n\t\t\t\t<div class=\"elementor-element elementor-element-2d58199 elementor-widget elementor-widget-heading\" data-id=\"2d58199\" data-element_type=\"widget\" data-e-type=\"widget\" data-widget_type=\"heading.default\">\n\t\t\t\t\t<h2 class=\"elementor-heading-title elementor-size-default\"><a href=\"https:\/\/languapass.com\/?page_id=1895\" target=\"_blank\">Sant\u00e9 et bien-\u00eatre<\/a><\/h2>\t\t\t\t<\/div>\n\t\t\t\t<div class=\"elementor-element elementor-element-0d06e34 elementor-widget elementor-widget-heading\" data-id=\"0d06e34\" data-element_type=\"widget\" data-e-type=\"widget\" data-widget_type=\"heading.default\">\n\t\t\t\t\t<h2 class=\"elementor-heading-title elementor-size-default\">Health and well-being<\/h2>\t\t\t\t<\/div>\n\t\t\t\t<div class=\"elementor-element elementor-element-1ae6967 elementor-widget elementor-widget-heading\" data-id=\"1ae6967\" data-element_type=\"widget\" data-e-type=\"widget\" data-widget_type=\"heading.default\">\n\t\t\t\t\t<h2 class=\"elementor-heading-title elementor-size-default\">\u5065\u5eb7\u4e0e\u8eab\u5fc3\u798f\u7949<\/h2>\t\t\t\t<\/div>\n\t\t\t\t<\/div>\n\t\t<div class=\"elementor-element elementor-element-ee8db22 e-con-full e-flex e-con e-child\" data-id=\"ee8db22\" data-element_type=\"container\" data-e-type=\"container\">\n\t\t\t\t<div class=\"elementor-element elementor-element-4f508c5 elementor-widget elementor-widget-heading\" data-id=\"4f508c5\" data-element_type=\"widget\" data-e-type=\"widget\" data-widget_type=\"heading.default\">\n\t\t\t\t\t<h2 class=\"elementor-heading-title elementor-size-default\"><a href=\"https:\/\/languapass.com\/?page_id=1956\" target=\"_blank\">Technologies num\u00e9riques et soci\u00e9t\u00e9<\/a><\/h2>\t\t\t\t<\/div>\n\t\t\t\t<div class=\"elementor-element elementor-element-96a1a06 elementor-widget elementor-widget-heading\" data-id=\"96a1a06\" data-element_type=\"widget\" data-e-type=\"widget\" data-widget_type=\"heading.default\">\n\t\t\t\t\t<h2 class=\"elementor-heading-title elementor-size-default\">Digital technologies and society<\/h2>\t\t\t\t<\/div>\n\t\t\t\t<div class=\"elementor-element elementor-element-f6fe6e5 elementor-widget elementor-widget-heading\" data-id=\"f6fe6e5\" data-element_type=\"widget\" data-e-type=\"widget\" data-widget_type=\"heading.default\">\n\t\t\t\t\t<h2 class=\"elementor-heading-title elementor-size-default\">\u6570\u5b57\u6280\u672f\u4e0e\u793e\u4f1a<\/h2>\t\t\t\t<\/div>\n\t\t\t\t<\/div>\n\t\t<div class=\"elementor-element elementor-element-0e8ca15 e-con-full e-flex e-con e-child\" data-id=\"0e8ca15\" data-element_type=\"container\" data-e-type=\"container\">\n\t\t\t\t<div class=\"elementor-element elementor-element-70f93ed elementor-widget elementor-widget-heading\" data-id=\"70f93ed\" data-element_type=\"widget\" data-e-type=\"widget\" data-widget_type=\"heading.default\">\n\t\t\t\t\t<h2 class=\"elementor-heading-title elementor-size-default\"><a href=\"https:\/\/languapass.com\/?page_id=1865\" target=\"_blank\">\u00c9ducation et formation<\/a><\/h2>\t\t\t\t<\/div>\n\t\t\t\t<div class=\"elementor-element elementor-element-82abc3f elementor-widget elementor-widget-heading\" data-id=\"82abc3f\" data-element_type=\"widget\" data-e-type=\"widget\" data-widget_type=\"heading.default\">\n\t\t\t\t\t<h2 class=\"elementor-heading-title elementor-size-default\">Education and training<\/h2>\t\t\t\t<\/div>\n\t\t\t\t<div class=\"elementor-element elementor-element-6165372 elementor-widget elementor-widget-heading\" data-id=\"6165372\" data-element_type=\"widget\" data-e-type=\"widget\" data-widget_type=\"heading.default\">\n\t\t\t\t\t<h2 class=\"elementor-heading-title elementor-size-default\">\u6559\u80b2\u4e0e\u57f9\u8bad<\/h2>\t\t\t\t<\/div>\n\t\t\t\t<\/div>\n\t\t<div class=\"elementor-element elementor-element-1153eae e-con-full e-flex e-con e-child\" data-id=\"1153eae\" data-element_type=\"container\" data-e-type=\"container\">\n\t\t\t\t<div class=\"elementor-element elementor-element-d08fbba elementor-widget elementor-widget-heading\" data-id=\"d08fbba\" data-element_type=\"widget\" data-e-type=\"widget\" data-widget_type=\"heading.default\">\n\t\t\t\t\t<h2 class=\"elementor-heading-title elementor-size-default\"><a href=\"https:\/\/languapass.com\/?page_id=1908\" target=\"_blank\">Travail, entreprise et monde professionnel<\/a><\/h2>\t\t\t\t<\/div>\n\t\t\t\t<div class=\"elementor-element elementor-element-6739714 elementor-widget elementor-widget-heading\" data-id=\"6739714\" data-element_type=\"widget\" data-e-type=\"widget\" data-widget_type=\"heading.default\">\n\t\t\t\t\t<h2 class=\"elementor-heading-title elementor-size-default\">Work, business and the professional world<\/h2>\t\t\t\t<\/div>\n\t\t\t\t<div class=\"elementor-element elementor-element-71a71d8 elementor-widget elementor-widget-heading\" data-id=\"71a71d8\" data-element_type=\"widget\" data-e-type=\"widget\" data-widget_type=\"heading.default\">\n\t\t\t\t\t<h2 class=\"elementor-heading-title elementor-size-default\">\u5de5\u4f5c\u3001\u4f01\u4e1a\u4e0e\u804c\u4e1a\u4e16\u754c<\/h2>\t\t\t\t<\/div>\n\t\t\t\t<\/div>\n\t\t<div class=\"elementor-element elementor-element-e5f5435 e-con-full e-flex e-con e-child\" data-id=\"e5f5435\" data-element_type=\"container\" data-e-type=\"container\">\n\t\t\t\t<div class=\"elementor-element elementor-element-7b8d20d elementor-widget elementor-widget-heading\" data-id=\"7b8d20d\" data-element_type=\"widget\" data-e-type=\"widget\" data-widget_type=\"heading.default\">\n\t\t\t\t\t<h2 class=\"elementor-heading-title elementor-size-default\"><a href=\"https:\/\/languapass.com\/?page_id=1983\" target=\"_blank\">Environnement et d\u00e9veloppement durable<\/a><\/h2>\t\t\t\t<\/div>\n\t\t\t\t<div class=\"elementor-element elementor-element-422927b elementor-widget elementor-widget-heading\" data-id=\"422927b\" data-element_type=\"widget\" data-e-type=\"widget\" data-widget_type=\"heading.default\">\n\t\t\t\t\t<h2 class=\"elementor-heading-title elementor-size-default\">Environment and sustainable development<\/h2>\t\t\t\t<\/div>\n\t\t\t\t<div class=\"elementor-element elementor-element-d8f151c elementor-widget elementor-widget-heading\" data-id=\"d8f151c\" data-element_type=\"widget\" data-e-type=\"widget\" data-widget_type=\"heading.default\">\n\t\t\t\t\t<h2 class=\"elementor-heading-title elementor-size-default\">\u73af\u5883\u4e0e\u53ef\u6301\u7eed\u53d1\u5c55<\/h2>\t\t\t\t<\/div>\n\t\t\t\t<\/div>\n\t\t\t\t<\/div>\n\t\t<div class=\"elementor-element elementor-element-36f7b4d e-con-full e-flex e-con e-parent\" data-id=\"36f7b4d\" data-element_type=\"container\" data-e-type=\"container\" data-settings=\"{&quot;background_background&quot;:&quot;gradient&quot;}\">\n\t\t\t\t<div class=\"elementor-element elementor-element-75a96cf elementor-widget elementor-widget-heading\" data-id=\"75a96cf\" data-element_type=\"widget\" data-e-type=\"widget\" data-widget_type=\"heading.default\">\n\t\t\t\t\t<h2 class=\"elementor-heading-title elementor-size-default\">\u76f8\u5173\u6587\u7ae0<\/h2>\t\t\t\t<\/div>\n\t\t<div class=\"elementor-element elementor-element-9677da2 e-con-full e-flex e-con e-child\" data-id=\"9677da2\" data-element_type=\"container\" data-e-type=\"container\">\n\t\t<div class=\"elementor-element elementor-element-acc2eeb e-con-full e-flex e-con e-child\" data-id=\"acc2eeb\" data-element_type=\"container\" data-e-type=\"container\">\n\t\t\t\t<div class=\"elementor-element elementor-element-658442c elementor-widget elementor-widget-text-editor\" data-id=\"658442c\" data-element_type=\"widget\" data-e-type=\"widget\" data-widget_type=\"text-editor.default\">\n\t\t\t\t\t\t\t\t\t<h5><span style=\"color: #000000;\">\u5f85\u66f4<\/span><!-- notionvc: a8f467b9-fe9a-4899-8346-4d7e431cfb01 --><\/h5>\t\t\t\t\t\t\t\t<\/div>\n\t\t\t\t<div class=\"elementor-element elementor-element-8e871d4 elementor-widget elementor-widget-text-editor\" data-id=\"8e871d4\" data-element_type=\"widget\" data-e-type=\"widget\" data-widget_type=\"text-editor.default\">\n\t\t\t\t\t\t\t\t\t<p><span style=\"color: #000000;\">\u8fdb\u4e00\u6b65\u4e86\u89e3 &gt;<\/span><!-- notionvc: a8f467b9-fe9a-4899-8346-4d7e431cfb01 --><\/p>\t\t\t\t\t\t\t\t<\/div>\n\t\t\t\t<\/div>\n\t\t\t\t<\/div>\n\t\t\t\t<\/div>\n\t\t\t\t<\/div>\n\t\t","protected":false},"excerpt":{"rendered":"<p>DELF B2 Production orale Culture, sport et loisirs Cult [&hellip;]<\/p>\n","protected":false},"author":1,"featured_media":0,"parent":0,"menu_order":0,"comment_status":"closed","ping_status":"closed","template":"elementor_header_footer","meta":{"footnotes":""},"folder":[30],"class_list":["post-1858","page","type-page","status-publish","hentry"],"_links":{"self":[{"href":"https:\/\/languapass.com\/index.php?rest_route=\/wp\/v2\/pages\/1858","targetHints":{"allow":["GET"]}}],"collection":[{"href":"https:\/\/languapass.com\/index.php?rest_route=\/wp\/v2\/pages"}],"about":[{"href":"https:\/\/languapass.com\/index.php?rest_route=\/wp\/v2\/types\/page"}],"author":[{"embeddable":true,"href":"https:\/\/languapass.com\/index.php?rest_route=\/wp\/v2\/users\/1"}],"replies":[{"embeddable":true,"href":"https:\/\/languapass.com\/index.php?rest_route=%2Fwp%2Fv2%2Fcomments&post=1858"}],"version-history":[{"count":49,"href":"https:\/\/languapass.com\/index.php?rest_route=\/wp\/v2\/pages\/1858\/revisions"}],"predecessor-version":[{"id":2285,"href":"https:\/\/languapass.com\/index.php?rest_route=\/wp\/v2\/pages\/1858\/revisions\/2285"}],"wp:attachment":[{"href":"https:\/\/languapass.com\/index.php?rest_route=%2Fwp%2Fv2%2Fmedia&parent=1858"}],"wp:term":[{"taxonomy":"folder","embeddable":true,"href":"https:\/\/languapass.com\/index.php?rest_route=%2Fwp%2Fv2%2Ffolder&post=1858"}],"curies":[{"name":"wp","href":"https:\/\/api.w.org\/{rel}","templated":true}]}}